{"id":26,"date":"2026-02-12T07:28:51","date_gmt":"2026-02-12T06:28:51","guid":{"rendered":"https:\/\/selinaclement.ch\/about\/"},"modified":"2026-04-07T05:13:34","modified_gmt":"2026-04-07T03:13:34","slug":"about","status":"publish","type":"page","link":"https:\/\/selinaclement.ch\/en\/about\/","title":{"rendered":"\u00dcber Selina Cl\u00e9ment | Polarity-Therapie &#038; k\u00f6rperorientierte Begleitung"},"content":{"rendered":"<div data-elementor-type=\"wp-page\" data-elementor-id=\"26\" class=\"elementor elementor-26\">\n\t\t\t\t<div class=\"elementor-element elementor-element-f1527b0 e-flex e-con-boxed e-con e-parent\" data-id=\"f1527b0\" data-element_type=\"container\" data-e-type=\"container\" data-settings=\"{&quot;background_background&quot;:&quot;classic&quot;}\">\n\t\t\t\t\t<div class=\"e-con-inner\">\n\t\t\t\t\t<\/div>\n\t\t\t\t<\/div>\n\t\t<div class=\"elementor-element elementor-element-3b60827 e-flex e-con-boxed e-con e-parent\" data-id=\"3b60827\" data-element_type=\"container\" data-e-type=\"container\">\n\t\t\t\t\t<div class=\"e-con-inner\">\n\t\t\t\t<div class=\"elementor-element elementor-element-27c6edf elementor-widget__width-initial elementor-widget elementor-widget-heading\" data-id=\"27c6edf\" data-element_type=\"widget\" data-e-type=\"widget\" data-widget_type=\"heading.default\">\n\t\t\t\t\t<h2 class=\"elementor-heading-title elementor-size-default\">Selina Cl\u00e9ment<\/h2>\t\t\t\t<\/div>\n\t\t\t\t<div class=\"elementor-element elementor-element-d726715 elementor-widget__width-initial elementor-widget-divider--view-line elementor-widget elementor-widget-divider\" data-id=\"d726715\" data-element_type=\"widget\" data-e-type=\"widget\" data-widget_type=\"divider.default\">\n\t\t\t\t\t\t\t<div class=\"elementor-divider\">\n\t\t\t<span class=\"elementor-divider-separator\">\n\t\t\t\t\t\t<\/span>\n\t\t<\/div>\n\t\t\t\t\t\t<\/div>\n\t\t\t\t<div class=\"elementor-element elementor-element-c2bf601 elementor-widget__width-initial elementor-widget-mobile__width-initial elementor-widget elementor-widget-text-editor\" data-id=\"c2bf601\" data-element_type=\"widget\" data-e-type=\"widget\" data-widget_type=\"text-editor.default\">\n\t\t\t\t\t\t\t\t\t<p>I support people through somatic bodywork and nervous system regulation in Zurich.\nMy work is for those who carry a lot \u2014 and begin to feel the need to reconnect with themselves and their body. Many of the people I work with are women and mothers who have been strong for a long time and are now sensing a need for more space, rest and inner balance.<\/p><p>My path has taken me through different stages. After several years in interior design, I felt a growing inner call and took time out in Asia. What was meant to be a short break became five years, during which I worked mainly in Thailand as a yoga teacher and Reiki practitioner.<\/p><p>During the Covid period, I returned to Switzerland and reoriented myself. I worked in a young company in HR and later led the department. There, I experienced first-hand what it means to work in an environment shaped by responsibility, constant change and high demands.<\/p><p data-start=\"1456\" data-end=\"1794\">The challenging birth of my son and a period of deep exhaustion \u2014 in which my body made it clear that things could not continue in the same way \u2014 led me into a personal healing process.<\/p><p data-start=\"1801\" data-end=\"2094\">During this time, I realised that change does not come from trying harder, but through regulation, honest awareness and allowing what is.<\/p><p>Today, I combine somatic bodywork, Polarity Therapy and yoga into a calm and individual form of support. A space in which your nervous system can find safety again and where you can gradually come back to yourself.<\/p><p>If you feel that it is time to reconnect with yourself, to trust your body, and to shape your life from within, I would be happy to accompany you on this path.<\/p><p><span style=\"text-decoration: underline;\"><a href=\"https:\/\/selinaclement.ch\/en\/about-2\/\">&gt;&gt; Learn more about me<\/a><\/span><\/p>\t\t\t\t\t\t\t\t<\/div>\n\t\t<div class=\"elementor-element elementor-element-e33c742 e-grid e-con-full e-con e-child\" data-id=\"e33c742\" data-element_type=\"container\" data-e-type=\"container\" data-settings=\"{&quot;background_background&quot;:&quot;classic&quot;}\">\n\t\t\t\t<div class=\"elementor-element elementor-element-df59640 elementor-align-right elementor-widget elementor-widget-button\" data-id=\"df59640\" data-element_type=\"widget\" data-e-type=\"widget\" data-widget_type=\"button.default\">\n\t\t\t\t\t\t\t\t\t\t<a class=\"elementor-button elementor-button-link elementor-size-sm\" href=\"https:\/\/selinaclement.ch\/en\/book\/\">\n\t\t\t\t\t\t<span class=\"elementor-button-content-wrapper\">\n\t\t\t\t\t\t\t\t\t<span class=\"elementor-button-text\">Book an introductory call \u2192<\/span>\n\t\t\t\t\t<\/span>\n\t\t\t\t\t<\/a>\n\t\t\t\t\t\t\t\t<\/div>\n\t\t\t\t<div class=\"elementor-element elementor-element-843ac37 elementor-align-left elementor-widget elementor-widget-button\" data-id=\"843ac37\" data-element_type=\"widget\" data-e-type=\"widget\" data-widget_type=\"button.default\">\n\t\t\t\t\t\t\t\t\t\t<a class=\"elementor-button elementor-button-link elementor-size-sm\" href=\"https:\/\/selinaclement.ch\/en\/book\/\">\n\t\t\t\t\t\t<span class=\"elementor-button-content-wrapper\">\n\t\t\t\t\t\t\t\t\t<span class=\"elementor-button-text\">Book a session \u2192<\/span>\n\t\t\t\t\t<\/span>\n\t\t\t\t\t<\/a>\n\t\t\t\t\t\t\t\t<\/div>\n\t\t\t\t<\/div>\n\t\t\t\t\t<\/div>\n\t\t\t\t<\/div>\n\t\t<div class=\"elementor-element elementor-element-7e61716 e-flex e-con-boxed e-con e-parent\" data-id=\"7e61716\" data-element_type=\"container\" data-e-type=\"container\">\n\t\t\t\t\t<div class=\"e-con-inner\">\n\t\t\t\t<div class=\"elementor-element elementor-element-4fd421e elementor-widget__width-initial elementor-widget elementor-widget-heading\" data-id=\"4fd421e\" data-element_type=\"widget\" data-e-type=\"widget\" data-widget_type=\"heading.default\">\n\t\t\t\t\t<h2 class=\"elementor-heading-title elementor-size-default translation-block\">Training &amp; experience<\/h2>\t\t\t\t<\/div>\n\t\t\t\t<div class=\"elementor-element elementor-element-685c6c0 elementor-widget__width-initial elementor-widget elementor-widget-text-editor\" data-id=\"685c6c0\" data-element_type=\"widget\" data-e-type=\"widget\" data-widget_type=\"text-editor.default\">\n\t\t\t\t\t\t\t\t\t<p>My work is grounded in many years of experience in yoga and bodywork, as well as in various trainings in somatic, mental and complementary therapy, and continuous further education in holistic health.\nAt the centre of my work is the regulation of the nervous system.<\/p>\t\t\t\t\t\t\t\t<\/div>\n\t\t\t\t\t<\/div>\n\t\t\t\t<\/div>\n\t\t<div class=\"elementor-element elementor-element-5285d7ba e-con-full e-flex e-con e-parent\" data-id=\"5285d7ba\" data-element_type=\"container\" data-e-type=\"container\">\n\t\t\t\t<div class=\"elementor-element elementor-element-63fb0a2 elementor-widget-divider--view-line elementor-widget elementor-widget-divider\" data-id=\"63fb0a2\" data-element_type=\"widget\" data-e-type=\"widget\" data-widget_type=\"divider.default\">\n\t\t\t\t\t\t\t<div class=\"elementor-divider\">\n\t\t\t<span class=\"elementor-divider-separator\">\n\t\t\t\t\t\t<\/span>\n\t\t<\/div>\n\t\t\t\t\t\t<\/div>\n\t\t\t\t<div class=\"elementor-element elementor-element-f9a69e4 elementor-widget__width-initial elementor-widget elementor-widget-text-editor\" data-id=\"f9a69e4\" data-element_type=\"widget\" data-e-type=\"widget\" data-widget_type=\"text-editor.default\">\n\t\t\t\t\t\t\t\t\t<h4>2024\u20132027<\/h4><p><strong>Polarity Therapy Training<\/strong> (completion April 2027)<br \/>Polarity Bildungszentrum PBZ, Z\u00fcrich<\/p><h4>2025\u20132026<\/h4><p><strong>Authentic Communication<\/strong> (completion May 2026)<br \/>Polarity Bildungszentrum PBZ, Z\u00fcrich<\/p><p><strong>Medical Foundations MG2<\/strong><br \/>Apamed School for Complementary Therapy<\/p><h4>2025<\/h4><p><strong>The Embryo Within Us \u2013 Dynamics of Embryological Development<\/strong><br \/>Dr. Jaap van der Wal<br \/>Polarity Bildungszentrum PBZ, Z\u00fcrich<\/p><h4>2021<\/h4><p><strong>WELL MOM\u2019s Pre &amp; Post Natal Yoga<\/strong><br \/>Belinda Egli, Z\u00fcrich<\/p><p><strong>Integral Coach<\/strong><br \/>Coaching Institut Living Sense, Z\u00fcrich<\/p><h4>2018<\/h4><p><strong>300h Advanced Yoga Teacher Training (500h RYT)<\/strong><br \/>Jivani Yoga, Thailand<\/p><p><strong>200h Yoga Alignment &amp; Yoga Therapy<\/strong><br \/>Luna Alignment Yoga, Thailand<\/p><p><strong>Thai Massage &amp; Chi Nei Tsang<\/strong><br \/>Sebastian Bruno<\/p><h4>2017<\/h4><p><strong>Regression Therapy Training<\/strong><br \/>Ushma Prem<\/p><p><strong>Hypnotherapy\u00a0<\/strong><br \/>Jasper Neil Beechwood<\/p><h4>2016<\/h4><p><strong>Iyengar Yoga Immersion<\/strong><br \/>Usha Devi, Rishikesh<\/p><p><strong>Yin Yoga Training<\/strong><br \/>Tina Nance<\/p><p><strong>Reiki Master \/ Teacher Training<\/strong><\/p><p><strong>Introduction to Shiatsu Massage<\/strong><\/p><p><strong>Reiki Level 2<\/strong><\/p><h4>2015<\/h4><p><strong>Reiki Level 1<\/strong><\/p><p><strong>200h Yoga Teacher Training<\/strong><\/p>\t\t\t\t\t\t\t\t<\/div>\n\t\t\t\t<\/div>\n\t\t<div class=\"elementor-element elementor-element-323f981 e-flex e-con-boxed e-con e-parent\" data-id=\"323f981\" data-element_type=\"container\" data-e-type=\"container\">\n\t\t\t\t\t<div class=\"e-con-inner\">\n\t\t\t\t<div class=\"elementor-element elementor-element-0593d7b elementor-widget elementor-widget-heading\" data-id=\"0593d7b\" data-element_type=\"widget\" data-e-type=\"widget\" data-widget_type=\"heading.default\">\n\t\t\t\t\t<h2 class=\"elementor-heading-title elementor-size-default translation-block\">Professional Background &amp; Leadership<\/h2>\t\t\t\t<\/div>\n\t\t\t\t<div class=\"elementor-element elementor-element-10e0d17 elementor-widget__width-initial elementor-widget elementor-widget-text-editor\" data-id=\"10e0d17\" data-element_type=\"widget\" data-e-type=\"widget\" data-widget_type=\"text-editor.default\">\n\t\t\t\t\t\t\t\t\t<h4>2024<\/h4><p><strong>Leadership Training<\/strong><br \/>Grass &amp; Partner, Z\u00fcrich<\/p><h4>2021\u20132022<\/h4><p><strong>Personal Assistant<\/strong><br \/>NBW Z\u00fcrich<\/p><h4>2010\u20132013<\/h4><p><strong>Bachelor of Arts in Interior Architecture and Scenography\u00a0<\/strong><b>Szenografie<\/b><br \/>University of Applied Sciences and Arts Northwestern Switzerland, Basel<\/p>\t\t\t\t\t\t\t\t<\/div>\n\t\t\t\t\t<\/div>\n\t\t\t\t<\/div>\n\t\t<div class=\"elementor-element elementor-element-ab309a5 e-con-full e-flex e-con e-parent\" data-id=\"ab309a5\" data-element_type=\"container\" data-e-type=\"container\" data-settings=\"{&quot;background_background&quot;:&quot;classic&quot;}\">\n\t\t\t\t<div class=\"elementor-element elementor-element-831565e elementor-mobile-align-center elementor-widget-mobile__width-inherit elementor-widget elementor-widget-button\" data-id=\"831565e\" data-element_type=\"widget\" data-e-type=\"widget\" data-widget_type=\"button.default\">\n\t\t\t\t\t\t\t\t\t\t<a class=\"elementor-button elementor-button-link elementor-size-sm\" href=\"https:\/\/selinaclement.ch\/en\/about-2\/\" target=\"_blank\">\n\t\t\t\t\t\t<span class=\"elementor-button-content-wrapper\">\n\t\t\t\t\t\t\t\t\t<span class=\"elementor-button-text\">Learn more about me here \u2192<\/span>\n\t\t\t\t\t<\/span>\n\t\t\t\t\t<\/a>\n\t\t\t\t\t\t\t\t<\/div>\n\t\t\t\t<\/div>\n\t\t\t\t<\/div>","protected":false},"excerpt":{"rendered":"<p>Informationen zu meiner Arbeit, Haltung und Ausbildung in k\u00f6rperorientierter Begleitung, Coaching, Polarity-Therapie und therapeutischem Yoga.<\/p>","protected":false},"author":2,"featured_media":92,"parent":0,"menu_order":0,"comment_status":"closed","ping_status":"closed","template":"elementor_header_footer","meta":{"footnotes":""},"class_list":["post-26","page","type-page","status-publish","has-post-thumbnail","hentry"],"_links":{"self":[{"href":"https:\/\/selinaclement.ch\/en\/wp-json\/wp\/v2\/pages\/26","targetHints":{"allow":["GET"]}}],"collection":[{"href":"https:\/\/selinaclement.ch\/en\/wp-json\/wp\/v2\/pages"}],"about":[{"href":"https:\/\/selinaclement.ch\/en\/wp-json\/wp\/v2\/types\/page"}],"author":[{"embeddable":true,"href":"https:\/\/selinaclement.ch\/en\/wp-json\/wp\/v2\/users\/2"}],"replies":[{"embeddable":true,"href":"https:\/\/selinaclement.ch\/en\/wp-json\/wp\/v2\/comments?post=26"}],"version-history":[{"count":10,"href":"https:\/\/selinaclement.ch\/en\/wp-json\/wp\/v2\/pages\/26\/revisions"}],"predecessor-version":[{"id":2907,"href":"https:\/\/selinaclement.ch\/en\/wp-json\/wp\/v2\/pages\/26\/revisions\/2907"}],"wp:featuredmedia":[{"embeddable":true,"href":"https:\/\/selinaclement.ch\/en\/wp-json\/wp\/v2\/media\/92"}],"wp:attachment":[{"href":"https:\/\/selinaclement.ch\/en\/wp-json\/wp\/v2\/media?parent=26"}],"curies":[{"name":"wp","href":"https:\/\/api.w.org\/{rel}","templated":true}]}}